{"id":124,"date":"2023-05-16T21:43:58","date_gmt":"2023-05-16T21:43:58","guid":{"rendered":"https:\/\/new.seaadventure.ee\/?page_id=124"},"modified":"2023-06-09T19:39:14","modified_gmt":"2023-06-09T19:39:14","slug":"124-2","status":"publish","type":"page","link":"https:\/\/new.seaadventure.ee\/ru\/124-2\/","title":{"rendered":"\u041e \u044f\u0445\u0442\u0435"},"content":{"rendered":"<p>[et_pb_section fb_built=&#8221;1&#8243; custom_padding_last_edited=&#8221;off|phone&#8221; admin_label=&#8221;Header&#8221; _builder_version=&#8221;4.21.0&#8243; _module_preset=&#8221;default&#8221; use_background_color_gradient=&#8221;on&#8221; background_color_gradient_stops=&#8221;rgba(18,17,93,0.4) 0%|rgba(18,17,93,0.4) 100%&#8221; background_color_gradient_overlays_image=&#8221;on&#8221; background_color_gradient_start=&#8221;rgba(18,17,93,0.4)&#8221; background_color_gradient_end=&#8221;rgba(18,17,93,0.4)&#8221; background_image=&#8221;https:\/\/new.seaadventure.ee\/wp-content\/uploads\/2023\/05\/DSC00079.jpg&#8221; background_size=&#8221;stretch&#8221; custom_padding=&#8221;10vw||18vw||false|false&#8221; custom_padding_tablet=&#8221;||||false|false&#8221; custom_padding_phone=&#8221;||||false|false&#8221; global_colors_info=&#8221;{}&#8221;][et_pb_row _builder_version=&#8221;4.16&#8243; _module_preset=&#8221;default&#8221; global_colors_info=&#8221;{}&#8221;][et_pb_column type=&#8221;4_4&#8243; _builder_version=&#8221;4.16&#8243; _module_preset=&#8221;default&#8221; global_colors_info=&#8221;{}&#8221;][et_pb_image src=&#8221;https:\/\/new.seaadventure.ee\/wp-content\/uploads\/2023\/05\/marina-icon-light-1.png&#8221; title_text=&#8221;marina-icon-light-1&#8243; align=&#8221;center&#8221; _builder_version=&#8221;4.16&#8243; _module_preset=&#8221;default&#8221; global_colors_info=&#8221;{}&#8221;][\/et_pb_image][et_pb_text _builder_version=&#8221;4.16&#8243; _module_preset=&#8221;d72c0383-6487-4f2c-ac5c-7d48a6376757&#8243; header_font=&#8221;Playfair Display||||||||&#8221; header_text_color=&#8221;#FFFFFF&#8221; header_font_size=&#8221;150px&#8221; text_orientation=&#8221;center&#8221; max_width=&#8221;750px&#8221; module_alignment=&#8221;center&#8221; animation_direction=&#8221;top&#8221; header_font_size_tablet=&#8221;10vw&#8221; header_font_size_phone=&#8221;&#8221; header_font_size_last_edited=&#8221;on|phone&#8221; global_colors_info=&#8221;{}&#8221;]<\/p>\n<h1>Jaht Christine<\/h1>\n<p>[\/et_pb_text][\/et_pb_column][\/et_pb_row][\/et_pb_section][et_pb_section fb_built=&#8221;1&#8243; specialty=&#8221;on&#8221; padding_top_2=&#8221;0px&#8221; padding_top_bottom_link_2=&#8221;false&#8221; padding_left_right_link_2=&#8221;false&#8221; admin_label=&#8221;Features&#8221; _builder_version=&#8221;4.16&#8243; _module_preset=&#8221;default&#8221; background_color=&#8221;RGBA(0,0,0,0)&#8221; overflow-x=&#8221;hidden&#8221; overflow-y=&#8221;hidden&#8221; custom_margin=&#8221;-18vw||||false|false&#8221; custom_margin_tablet=&#8221;-100px||||false|false&#8221; custom_margin_phone=&#8221;-40px||||false|false&#8221; custom_margin_last_edited=&#8221;off|desktop&#8221; custom_padding=&#8221;||||false|false&#8221; global_colors_info=&#8221;{}&#8221;][et_pb_column type=&#8221;3_4&#8243; specialty_columns=&#8221;3&#8243; _builder_version=&#8221;4.16&#8243; custom_padding=&#8221;|||&#8221; global_colors_info=&#8221;{}&#8221; custom_padding__hover=&#8221;|||&#8221;][\/et_pb_column][et_pb_column type=&#8221;1_4&#8243; _builder_version=&#8221;4.16&#8243; custom_padding=&#8221;|||&#8221; global_colors_info=&#8221;{}&#8221; custom_padding__hover=&#8221;|||&#8221;][\/et_pb_column][\/et_pb_section][et_pb_section fb_built=&#8221;1&#8243; admin_label=&#8221;Features&#8221; _builder_version=&#8221;4.16&#8243; _module_preset=&#8221;default&#8221; global_colors_info=&#8221;{}&#8221;][et_pb_row column_structure=&#8221;1_2,1_2&#8243; _builder_version=&#8221;4.16&#8243; _module_preset=&#8221;default&#8221; global_colors_info=&#8221;{}&#8221;][et_pb_column type=&#8221;1_2&#8243; _builder_version=&#8221;4.16&#8243; _module_preset=&#8221;default&#8221; global_colors_info=&#8221;{}&#8221;][et_pb_image src=&#8221;https:\/\/new.seaadventure.ee\/wp-content\/uploads\/2023\/05\/marina-11.png&#8221; title_text=&#8221;marina-11&#8243; _builder_version=&#8221;4.16&#8243; _module_preset=&#8221;default&#8221; max_width_tablet=&#8221;50%&#8221; max_width_last_edited=&#8221;off|desktop&#8221; custom_margin=&#8221;-55%|||-40%|false|false&#8221; custom_margin_tablet=&#8221;0%|||0%|false|false&#8221; custom_margin_phone=&#8221;&#8221; custom_margin_last_edited=&#8221;on|phone&#8221; scroll_vertical_motion_enable=&#8221;on&#8221; scroll_vertical_motion=&#8221;0|50|50|100|-2|0|2&#8243; scroll_vertical_motion_tablet=&#8221;0|50|50|100|0|0|0&#8243; scroll_vertical_motion_phone=&#8221;&#8221; scroll_vertical_motion_last_edited=&#8221;on|phone&#8221; locked=&#8221;off&#8221; global_colors_info=&#8221;{}&#8221;][\/et_pb_image][\/et_pb_column][et_pb_column type=&#8221;1_2&#8243; _builder_version=&#8221;4.16&#8243; _module_preset=&#8221;default&#8221; global_colors_info=&#8221;{}&#8221;][et_pb_text _builder_version=&#8221;4.16&#8243; _module_preset=&#8221;32021f09-dd67-47fb-8f9a-832b72a38baf&#8221; header_2_font=&#8221;Playfair Display|700|||||||&#8221; header_2_text_color=&#8221;gcid-c9411f34-b37e-4feb-a841-9533663e2403&#8243; header_2_font_size=&#8221;60px&#8221; header_2_line_height=&#8221;1.1em&#8221; custom_margin=&#8221;|||-16%|false|false&#8221; custom_margin_tablet=&#8221;|||0%|false|false&#8221; custom_margin_phone=&#8221;&#8221; custom_margin_last_edited=&#8221;on|desktop&#8221; animation_direction=&#8221;left&#8221; header_2_font_size_tablet=&#8221;35px&#8221; header_2_font_size_phone=&#8221;22px&#8221; header_2_font_size_last_edited=&#8221;on|phone&#8221; locked=&#8221;off&#8221; global_colors_info=&#8221;{}&#8221;]<\/p>\n<h2 style=\"text-align: center;\"><span style=\"font-size: xx-large;\">Jaht Bavaria 35, 1995 aasta.<\/span><\/h2>\n<h2 style=\"text-align: center;\"><span style=\"font-size: xx-large;\">Tehtud paremaks ja t\u00e4iendatus 2011 aastal<\/span><\/h2>\n<p>[\/et_pb_text][et_pb_text _builder_version=&#8221;4.21.0&#8243; _module_preset=&#8221;16a54059-cc81-4572-9c70-eda6a6c419bf&#8221; text_text_color=&#8221;rgba(0,0,0,0.8)&#8221; text_font_size=&#8221;16px&#8221; text_line_height=&#8221;1.8em&#8221; custom_margin=&#8221;|||-16%|false|false&#8221; custom_margin_tablet=&#8221;|||0%|false|false&#8221; custom_margin_phone=&#8221;&#8221; custom_margin_last_edited=&#8221;on|desktop&#8221; text_font_size_tablet=&#8221;15px&#8221; text_font_size_phone=&#8221;13px&#8221; text_font_size_last_edited=&#8221;on|phone&#8221; header_font_size_tablet=&#8221;55px&#8221; header_font_size_last_edited=&#8221;off|desktop&#8221; global_colors_info=&#8221;{}&#8221;]<\/p>\n<p><span>Jahi pikku\u00a010,9 meetrit, o<\/span><span lang=\"en-US\">mab kahte masti Groot ja Genua.<\/span><span>\u00a0Mootor\u00a0Volvo Penta 29HP, sees on k\u00f6\u00f6k ja s\u00f6\u00f6gikoht, 3 kajutit ja wc koos du\u0161\u0161iga. Boiler koss sooja veega. Du\u0161\u0161 tekil. Jahil on\u00a06+1 magamiskohta. 3 kahekohalist voodit, 1 diivan. Mahutab maksimaalselt 12 inimest koos meeskonnaga. K\u00f6\u00f6gis on olemas k\u00fclmik, gaasipliit, ahi ja palju k\u00f6\u00f6kikappe. On olemas vajalikud k\u00f6\u00f6gin\u00f5ud s\u00f6\u00f6gi valmistamiseks. Soovi korral on v\u00f5imalik jahile paigaldada tent, mis kaitseb vihma ja tuule eest. Jahil on olemas k\u00f5ik vajalik turvaliseks ja mugavaks puhkuseks: p\u00e4\u00e4steparv, p\u00e4\u00e4stevestid, raadio, tekid. Pardal on teler 32\u201d,CD stereos\u00fcsteem,USB, arvuti internetiga, WiFI. Mastile on portatiivne paigaldatud kaamera, mille abil on v\u00f5imalik kajutist j\u00e4lgida, mi toimub \u00fcleval.\u00a0<\/span><strong>Maksimaalne kiirus:<\/strong><span> 6 s\u00f5lme\u00a0mootoriga, 9-12 purjetel hea tuule korral.<\/span><\/p>\n<p>[\/et_pb_text][\/et_pb_column][\/et_pb_row][\/et_pb_section][et_pb_section fb_built=&#8221;1&#8243; specialty=&#8221;on&#8221; custom_padding_last_edited=&#8221;off|phone&#8221; padding_bottom_2=&#8221;40px&#8221; padding_top_bottom_link_2=&#8221;false&#8221; padding_left_right_link_2=&#8221;false&#8221; admin_label=&#8221;Footer&#8221; _builder_version=&#8221;4.21.0&#8243; _module_preset=&#8221;default&#8221; use_background_color_gradient=&#8221;on&#8221; background_color_gradient_stops=&#8221;rgba(18,17,93,0.4) 0%|#03015b 100%&#8221; background_color_gradient_overlays_image=&#8221;on&#8221; background_color_gradient_start=&#8221;rgba(18,17,93,0.4)&#8221; background_color_gradient_end=&#8221;#03015b&#8221; background_image=&#8221;https:\/\/new.seaadventure.ee\/wp-content\/uploads\/2023\/05\/20180817_202911-scaled.jpg&#8221; custom_padding=&#8221;10%||0px||false|false&#8221; custom_padding_tablet=&#8221;||||false|false&#8221; custom_padding_phone=&#8221;||||false|false&#8221; animation_direction=&#8221;bottom&#8221; saved_tabs=&#8221;all&#8221; global_colors_info=&#8221;{%22gcid-46874eab-1479-4e97-a380-8c3d8f036d9c%22:%91%22colorEnd%22%93}&#8221;][et_pb_column type=&#8221;2_3&#8243; specialty_columns=&#8221;2&#8243; _builder_version=&#8221;4.16&#8243; custom_padding=&#8221;|||&#8221; global_colors_info=&#8221;{}&#8221; custom_padding__hover=&#8221;|||&#8221;][et_pb_row_inner custom_padding_last_edited=&#8221;on|phone&#8221; _builder_version=&#8221;4.16&#8243; _module_preset=&#8221;default&#8221; background_color=&#8221;#03033A&#8221; custom_padding=&#8221;80px|8%||8%|false|true&#8221; custom_padding_tablet=&#8221;60px|60px||60px|false|true&#8221; custom_padding_phone=&#8221;30px|20px||20px|false|true&#8221; global_colors_info=&#8221;{%22gcid-c9411f34-b37e-4feb-a841-9533663e2403%22:%91%22background_color%22%93}&#8221;][et_pb_column_inner saved_specialty_column_type=&#8221;2_3&#8243; _builder_version=&#8221;4.9.10&#8243; _module_preset=&#8221;default&#8221; global_colors_info=&#8221;{}&#8221;][et_pb_text _builder_version=&#8221;4.16&#8243; _module_preset=&#8221;32021f09-dd67-47fb-8f9a-832b72a38baf&#8221; header_2_font=&#8221;Playfair Display|700|||||||&#8221; header_2_text_color=&#8221;#FFFFFF&#8221; header_2_font_size=&#8221;60px&#8221; header_2_line_height=&#8221;1.1em&#8221; custom_margin=&#8221;||10px||false|false&#8221; animation_direction=&#8221;left&#8221; header_2_font_size_tablet=&#8221;35px&#8221; header_2_font_size_phone=&#8221;22px&#8221; header_2_font_size_last_edited=&#8221;on|phone&#8221; locked=&#8221;off&#8221; global_colors_info=&#8221;{}&#8221;]<\/p>\n<h2>Jaht Christine<\/h2>\n<p>[\/et_pb_text][\/et_pb_column_inner][\/et_pb_row_inner][et_pb_row_inner column_structure=&#8221;1_2,1_2&#8243; custom_padding_last_edited=&#8221;on|phone&#8221; _builder_version=&#8221;4.16&#8243; _module_preset=&#8221;default&#8221; background_color=&#8221;#03033A&#8221; custom_padding=&#8221;|8%|80px|8%|false|true&#8221; custom_padding_tablet=&#8221;|60px|60px|60px|false|true&#8221; custom_padding_phone=&#8221;|20px|30px|20px|false|true&#8221; global_colors_info=&#8221;{}&#8221;][et_pb_column_inner type=&#8221;1_2&#8243; saved_specialty_column_type=&#8221;2_3&#8243; _builder_version=&#8221;4.10.0&#8243; _module_preset=&#8221;default&#8221; global_colors_info=&#8221;{}&#8221;][et_pb_text _builder_version=&#8221;4.16&#8243; _module_preset=&#8221;4deaa1a6-d0cd-49d0-ada3-8dc22addd086&#8243; header_2_text_color=&#8221;#FFFFFF&#8221; header_4_font=&#8221;|700||on|||||&#8221; header_4_text_color=&#8221;rgba(255,255,255,0.4)&#8221; header_4_font_size=&#8221;14px&#8221; header_4_letter_spacing=&#8221;2px&#8221; header_4_line_height=&#8221;2em&#8221; background_layout=&#8221;dark&#8221; custom_margin=&#8221;||0px||false|false&#8221; locked=&#8221;off&#8221; global_colors_info=&#8221;{}&#8221;]<\/p>\n<h4>Contact<\/h4>\n<p>[\/et_pb_text][et_pb_text _builder_version=&#8221;4.21.0&#8243; _module_preset=&#8221;aec0be99-8a53-4f75-abf2-64f29a8b4cc2&#8243; text_font=&#8221;Merriweather||||||||&#8221; text_text_color=&#8221;#FFFFFF&#8221; text_font_size=&#8221;18px&#8221; text_line_height=&#8221;2em&#8221; custom_margin=&#8221;||5px||false|false&#8221; text_font_size_tablet=&#8221;16px&#8221; text_font_size_phone=&#8221;12px&#8221; text_font_size_last_edited=&#8221;on|phone&#8221; locked=&#8221;off&#8221; global_colors_info=&#8221;{}&#8221;]<\/p>\n<div class=\"et_pb_module et_pb_text et_pb_text_11  et_pb_text_align_left et_pb_bg_layout_light\">\n<div class=\"et_pb_text_inner\">+37258270996<\/div>\n<\/div>\n<div class=\"et_pb_module et_pb_text et_pb_text_12  et_pb_text_align_left et_pb_bg_layout_light\">\n<div class=\"et_pb_text_inner\"><\/div>\n<\/div>\n<p>[\/et_pb_text][et_pb_text _builder_version=&#8221;4.21.0&#8243; _module_preset=&#8221;aec0be99-8a53-4f75-abf2-64f29a8b4cc2&#8243; text_font=&#8221;Merriweather||||||||&#8221; text_text_color=&#8221;#FFFFFF&#8221; text_font_size=&#8221;18px&#8221; text_line_height=&#8221;2em&#8221; custom_margin=&#8221;||5px||false|false&#8221; text_font_size_tablet=&#8221;16px&#8221; text_font_size_phone=&#8221;12px&#8221; text_font_size_last_edited=&#8221;on|phone&#8221; locked=&#8221;off&#8221; global_colors_info=&#8221;{}&#8221;]<\/p>\n<div class=\"et_pb_module et_pb_text et_pb_text_11  et_pb_text_align_left et_pb_bg_layout_light\">\n<div class=\"et_pb_text_inner\">info@seaadventure.ee<\/div>\n<\/div>\n<div class=\"et_pb_module et_pb_text et_pb_text_12  et_pb_text_align_left et_pb_bg_layout_light\">\n<div class=\"et_pb_text_inner\"><\/div>\n<\/div>\n<p>[\/et_pb_text][\/et_pb_column_inner][et_pb_column_inner type=&#8221;1_2&#8243; saved_specialty_column_type=&#8221;2_3&#8243; _builder_version=&#8221;4.9.10&#8243; _module_preset=&#8221;default&#8221; global_colors_info=&#8221;{}&#8221;][et_pb_text _builder_version=&#8221;4.16&#8243; _module_preset=&#8221;4deaa1a6-d0cd-49d0-ada3-8dc22addd086&#8243; header_2_text_color=&#8221;#FFFFFF&#8221; header_4_font=&#8221;|700||on|||||&#8221; header_4_text_color=&#8221;rgba(255,255,255,0.4)&#8221; header_4_font_size=&#8221;14px&#8221; header_4_letter_spacing=&#8221;2px&#8221; header_4_line_height=&#8221;2em&#8221; background_layout=&#8221;dark&#8221; custom_margin=&#8221;||0px||false|false&#8221; locked=&#8221;off&#8221; global_colors_info=&#8221;{}&#8221;]<\/p>\n<h4>Address<\/h4>\n<p>[\/et_pb_text][et_pb_text _builder_version=&#8221;4.21.0&#8243; _module_preset=&#8221;aec0be99-8a53-4f75-abf2-64f29a8b4cc2&#8243; text_font=&#8221;Merriweather||||||||&#8221; text_text_color=&#8221;#FFFFFF&#8221; text_font_size=&#8221;18px&#8221; text_line_height=&#8221;2em&#8221; hover_enabled=&#8221;0&#8243; text_font_size_tablet=&#8221;16px&#8221; text_font_size_phone=&#8221;12px&#8221; text_font_size_last_edited=&#8221;on|phone&#8221; locked=&#8221;off&#8221; global_colors_info=&#8221;{}&#8221; sticky_enabled=&#8221;0&#8243;]<\/p>\n<p>Noblessner Sadam<\/p>\n<p>[\/et_pb_text][\/et_pb_column_inner][\/et_pb_row_inner][\/et_pb_column][et_pb_column type=&#8221;1_3&#8243; _builder_version=&#8221;4.16&#8243; custom_padding=&#8221;|||&#8221; global_colors_info=&#8221;{}&#8221; custom_padding__hover=&#8221;|||&#8221;][et_pb_text _builder_version=&#8221;4.16&#8243; _module_preset=&#8221;32021f09-dd67-47fb-8f9a-832b72a38baf&#8221; header_2_font=&#8221;Playfair Display|700|||||||&#8221; header_2_text_color=&#8221;#FFFFFF&#8221; header_2_font_size=&#8221;60px&#8221; header_2_line_height=&#8221;1.1em&#8221; custom_margin=&#8221;||10px||false|false&#8221; animation_direction=&#8221;left&#8221; header_2_font_size_tablet=&#8221;35px&#8221; header_2_font_size_phone=&#8221;22px&#8221; header_2_font_size_last_edited=&#8221;on|phone&#8221; locked=&#8221;off&#8221; global_colors_info=&#8221;{}&#8221;]<\/p>\n<h2>Enjoy Your Life<\/h2>\n<p>[\/et_pb_text][\/et_pb_column][\/et_pb_section]<\/p>\n","protected":false},"excerpt":{"rendered":"<p>Jaht ChristineJaht Bavaria 35, 1995 aasta. Tehtud paremaks ja t\u00e4iendatus 2011 aastalJahi pikku\u00a010,9 meetrit, omab kahte masti Groot ja Genua.\u00a0Mootor\u00a0Volvo Penta 29HP, sees on k\u00f6\u00f6k ja s\u00f6\u00f6gikoht, 3 kajutit ja wc koos du\u0161\u0161iga. Boiler koss sooja veega. Du\u0161\u0161 tekil. Jahil on\u00a06+1 magamiskohta. 3 kahekohalist voodit, 1 diivan. Mahutab maksimaalselt 12 inimest koos meeskonnaga. K\u00f6\u00f6gis on [&hellip;]<\/p>\n","protected":false},"author":1,"featured_media":0,"parent":0,"menu_order":0,"comment_status":"closed","ping_status":"closed","template":"","meta":{"_et_pb_use_builder":"on","_et_pb_old_content":"","_et_gb_content_width":"","footnotes":""},"class_list":["post-124","page","type-page","status-publish","hentry"],"_links":{"self":[{"href":"https:\/\/new.seaadventure.ee\/ru\/wp-json\/wp\/v2\/pages\/124","targetHints":{"allow":["GET"]}}],"collection":[{"href":"https:\/\/new.seaadventure.ee\/ru\/wp-json\/wp\/v2\/pages"}],"about":[{"href":"https:\/\/new.seaadventure.ee\/ru\/wp-json\/wp\/v2\/types\/page"}],"author":[{"embeddable":true,"href":"https:\/\/new.seaadventure.ee\/ru\/wp-json\/wp\/v2\/users\/1"}],"replies":[{"embeddable":true,"href":"https:\/\/new.seaadventure.ee\/ru\/wp-json\/wp\/v2\/comments?post=124"}],"version-history":[{"count":5,"href":"https:\/\/new.seaadventure.ee\/ru\/wp-json\/wp\/v2\/pages\/124\/revisions"}],"predecessor-version":[{"id":308,"href":"https:\/\/new.seaadventure.ee\/ru\/wp-json\/wp\/v2\/pages\/124\/revisions\/308"}],"wp:attachment":[{"href":"https:\/\/new.seaadventure.ee\/ru\/wp-json\/wp\/v2\/media?parent=124"}],"curies":[{"name":"wp","href":"https:\/\/api.w.org\/{rel}","templated":true}]}}