{"id":255,"date":"2023-05-30T22:01:54","date_gmt":"2023-05-30T22:01:54","guid":{"rendered":"https:\/\/new.seaadventure.ee\/?page_id=255"},"modified":"2023-05-30T22:01:54","modified_gmt":"2023-05-30T22:01:54","slug":"reeglid-ja-ohutusnouded","status":"publish","type":"page","link":"https:\/\/new.seaadventure.ee\/ru\/reeglid-ja-ohutusnouded\/","title":{"rendered":"\u041f\u0440\u0430\u0432\u0438\u043b\u0430 \u0438 \u0442\u0435\u0445\u043d\u0438\u043a\u0430 \u0431\u0435\u0437\u043e\u043f\u0430\u0441\u043d\u043e\u0441\u0442\u0438"},"content":{"rendered":"<p>[et_pb_section fb_built=&#8221;1&#8243; custom_padding_last_edited=&#8221;on|tablet&#8221; next_background_color=&#8221;#898989&#8243; admin_label=&#8221;Hero&#8221; _builder_version=&#8221;4.21.0&#8243; use_background_color_gradient=&#8221;on&#8221; background_color_gradient_type=&#8221;circular&#8221; background_color_gradient_direction_radial=&#8221;top left&#8221; background_color_gradient_stops=&#8221;rgba(214,218,255,0.7) 50%|rgba(214,218,255,0.3) 100%&#8221; background_color_gradient_start=&#8221;rgba(214,218,255,0.7)&#8221; background_color_gradient_start_position=&#8221;50%&#8221; background_color_gradient_end=&#8221;rgba(214,218,255,0.3)&#8221; background_image=&#8221;https:\/\/new.seaadventure.ee\/wp-content\/uploads\/2023\/05\/IMG_4633-scaled.jpg&#8221; custom_margin=&#8221;||||false&#8221; custom_padding=&#8221;14vw||4vw||false|false&#8221; custom_padding_tablet=&#8221;||50px|&#8221; custom_padding_phone=&#8221;&#8221; bottom_divider_style=&#8221;curve&#8221; bottom_divider_height=&#8221;2.5vw&#8221; global_colors_info=&#8221;{}&#8221; theme_builder_area=&#8221;post_content&#8221;][et_pb_row _builder_version=&#8221;4.16&#8243; animation_style=&#8221;fade&#8221; global_colors_info=&#8221;{}&#8221; theme_builder_area=&#8221;post_content&#8221;][et_pb_column type=&#8221;4_4&#8243; _builder_version=&#8221;4.16&#8243; custom_padding=&#8221;|||&#8221; global_colors_info=&#8221;{}&#8221; custom_padding__hover=&#8221;|||&#8221; theme_builder_area=&#8221;post_content&#8221;][et_pb_text _builder_version=&#8221;4.16&#8243; text_font=&#8221;||||||||&#8221; text_font_size=&#8221;18px&#8221; text_line_height=&#8221;2em&#8221; header_font=&#8221;Montserrat|300|||||||&#8221; header_font_size=&#8221;50px&#8221; header_line_height=&#8221;1.4em&#8221; text_orientation=&#8221;center&#8221; max_width=&#8221;700px&#8221; module_alignment=&#8221;center&#8221; header_font_size_tablet=&#8221;40px&#8221; header_font_size_phone=&#8221;32px&#8221; header_font_size_last_edited=&#8221;on|desktop&#8221; global_colors_info=&#8221;{}&#8221; theme_builder_area=&#8221;post_content&#8221;]<\/p>\n<h1>Reeglid ja ohutusn\u00f5uded<\/h1>\n<h1><\/h1>\n<p>[\/et_pb_text][\/et_pb_column][\/et_pb_row][\/et_pb_section][et_pb_section fb_built=&#8221;1&#8243; admin_label=&#8221;FAQ&#8221; _builder_version=&#8221;4.21.0&#8243; background_color=&#8221;#898989&#8243; custom_padding=&#8221;54px|0px|54px|0px|true|false&#8221; global_colors_info=&#8221;{}&#8221; theme_builder_area=&#8221;post_content&#8221;][et_pb_row _builder_version=&#8221;4.21.0&#8243; _module_preset=&#8221;default&#8221; theme_builder_area=&#8221;post_content&#8221;][et_pb_column _builder_version=&#8221;4.21.0&#8243; _module_preset=&#8221;default&#8221; type=&#8221;4_4&#8243; theme_builder_area=&#8221;post_content&#8221;][et_pb_text _builder_version=&#8221;4.21.0&#8243; _module_preset=&#8221;default&#8221; theme_builder_area=&#8221;post_content&#8221; text_font=&#8221;Actor||||||||&#8221; text_text_color=&#8221;#FFFFFF&#8221; text_font_size=&#8221;15px&#8221; hover_enabled=&#8221;0&#8243; sticky_enabled=&#8221;0&#8243;]<\/p>\n<h1><span style=\"color: #ffffff;\">Paar momenti, mida tuleb teada enne jahi broneeringu planeerimist:<\/span><\/h1>\n<ul>\n<li><span><strong>Kapteni s\u00f5na \u2013 seadus<\/strong>. Juhendi ignoreerimisel j\u00e4tab kapten endale \u00f5iguse minna tagasi sadamasse.<\/span><\/li>\n<li><span>Jahi rent toimub ainult koos kapteniga.<\/span><\/li>\n<li><span>Meie jahil on olemas k\u00f5ik turvavarustus.<\/span><\/li>\n<li><span>Kui te planeerite endaga kaas v\u00f5tt lapsi, palume meil teada anda laste vanus ja kogus <strong>minimaalselt 3 p\u00e4eva<\/strong> enne s\u00f5itu. Nii me suudame garanteerida turvavestide suuruse ja vastava koguse. Turvavestide kasutamine lastele on kohustuslik kogu meres\u00f5idu v\u00e4ltel.<\/span><\/li>\n<li><span>Jahi pardale palume tulla 10-15 minutit enne broneeritud aega.\u00a0<\/span><\/li>\n<li><span>Enne merre minekut r\u00e4\u00e4gime \u00fcle kogu jahil viibimise turvalisuse.\u00a0<\/span><\/li>\n<li><span>Koduloomi palume j\u00e4tta koju.<\/span><\/li>\n<li><span>Soovitame v\u00f5tta rohtu merehaiguse vastu tund enne meres\u00f5itu.<\/span><\/li>\n<li><span>Tasub jalga panna \u00f5iged jalan\u00f5ud. <strong>Ketsid, saapad ja muud jalan\u00f5ud musta tallaga m\u00e4\u00e4rivad parda \u00e4ra.<\/strong>\u00a0Soovitame kasutada mugavaid, mitte libisevaid jalan\u00f5usid heleda tallaga. V\u00f5ib kanda kingaid mitte m\u00e4\u00e4riva tallaga. Jalan\u00f5ud peavad olema puhtad.\u00a0<\/span><\/li>\n<li><span>Kaasa soovitame v\u00f5tta jope v\u00f5i fliisi, kuna merel v\u00f5ib olla k\u00fclm.\u00a0<\/span><\/li>\n<li><span>P\u00e4iksepaistelise ilmaga v\u00f5tke kindlasti kaasa p\u00e4ikesekreemi\u00a0<\/span><\/li>\n<li><strong>Hea tuju pardal on kohustuslik!\u00a0<\/strong><\/li>\n<\/ul>\n<h2><span style=\"color: #ffffff;\">Broneeringu tingimused ja broneeringu t\u00fchistamine:<\/span><\/h2>\n<ul>\n<li><span>Broneering kinnitatakse 100% laekumisel.\u00a0<\/span><\/li>\n<li><span>\u00dclej\u00e4\u00e4nud summa tasutakse kohapeal v\u00f5i tasutakse kandega pangaarvele hiljemalt ette s\u00f5itu.\u00a0<\/span><\/li>\n<li><span>Broneeringu t\u00fchistamisel rohkem kui 7 p\u00e4eva enne s\u00f5itu, tagastatakse 75% tasutud summast.\u00a0<\/span><\/li>\n<li><span>Broneeringu t\u00fchistamisel v\u00e4hem kui 7 p\u00e4eva jooksul makstud tasu ei tagastata.\u00a0<\/span><\/li>\n<li><span>Tormise ilma korral lepitakse kokku uus s\u00f5it merel.\u00a0<\/span><\/li>\n<\/ul>\n<h2><span style=\"color: #ffffff;\">Jahi pardal<\/span><\/h2>\n<p><span style=\"color: #e02b20;\"><strong>On<\/strong><strong style=\"font-size: 15px; background-image: none; background-color: #898989;\">\u00a0keelatud<\/strong><\/span><\/p>\n<ul>\n<li><span>Reisijatel on keelatud segada meeskonna t\u00f6\u00f6d jahi liikumisel, sildamisel, ankrust mahav\u00f5tmisel.<\/span><\/li>\n<li><span>L\u00fcliti \u00fcmberl\u00fclitamise, nuppude vajutus pardal v\u00f5i masinaruumis jahil on keelatud.\u00a0<\/span><\/li>\n<\/ul>\n<ul>\n<li><span>V\u00e4ljuda spetsiaalsete piiride taha, sukelduda jahi pardalt liikumisel ja jahi k\u00f5rval liikumisel.<\/span><\/li>\n<li><span>J\u00e4tta lapsed vanemate kontrollita.\u00a0<\/span><\/li>\n<li><span>Visata pr\u00fcgi pardal, samuti visata pr\u00fcgi \u00fcle parda.\u00a0<\/span><\/li>\n<li><span>Liialdada alkohoolsete jookidega.\u00a0<\/span><\/li>\n<li><span>Visata WC-sse tualettpaberit ja muid asju\/esemeid, kuna ta on kergesti ummistav. Selleks palume kasutada k\u00f5rvalolevat \u00e4mbrit.\u00a0<\/span><\/li>\n<li><span>Tuua pardale narkootilisi aineid, surutud gaase, \u041f\u0440\u043e\u043d\u043e\u0441\u0438\u0442\u044c \u043d\u0430\u0440\u043a\u043e\u0442\u0438\u0447\u0435\u0441\u043a\u0438\u0435 \u0441\u0440\u0435\u0434\u0441\u0442\u0432\u0430, \u0441\u0436\u0430\u0442\u044b\u0435 \u0433\u0430\u0437\u044b, s\u00f6\u00f6bivaid asju, enesekaitse asju, laskemoona, radioaktiivseid seadmeid, m\u00fcrke, infektseid materjale, l\u00f5hekaineid, ebaseaduslikke kaupu ja teisi asju, mis v\u00f5ivad tekitada ohtu.\u00a0<\/span><\/li>\n<li><span>Astuda raudpiiretele\u00a0<\/span><\/li>\n<li><span style=\"color: #e02b20;\"><strong>Pardal on keelatud suitsetada!<\/strong><\/span><\/li>\n<li><strong>JOOKIDEST ON PARDAL KEELATUD punane vein, punased marjad, tomatimahl\u00a0<\/strong><\/li>\n<\/ul>\n<ul>\n<li><strong>TOIDUST ON PARDAL KEELATUD pizza, hambergerid, supp, seemned (neid k\u00f5iki v\u00f5ib s\u00fc\u00fca kajutus laua taga).\u00a0<\/strong><\/li>\n<\/ul>\n<h2><span style=\"color: #ffffff;\">Omavad j\u00f5udu j\u00e4rgmised k\u00e4itumisnormid:<\/span><\/h2>\n<ul>\n<li><span>Kogu aja jooksul \u00a0pardal olles peab reisija alluma siseeeskirjadele, j\u00e4lgima turvalisuse reegleid ja meeskonna juhiseid. \u00a0\u00a0<\/span><\/li>\n<li><span><strong>Kapteni s\u00f5na- seadus!<\/strong>\u00a0Tema k\u00e4ske ei arutata ja ei seata kahtluse alla. Kui teil on pretensioone kaptenil, v\u00f5ib neid arutada temaga rannikul, kui jaht on sildunud kail. \u00a0<\/span><\/li>\n<li><span>Kaptenil on \u00f5igus mitte minna teiega merele v\u00f5i j\u00e4tta teid maale k\u00e4skude t\u00e4itmise eramises, j\u00f5hkra rikkumise eest ohutusn\u00f5uetega v\u00f5i privaatsete normk\u00e4itumise t\u00f5ttu.\u00a0<\/span><\/li>\n<li><span>Etten\u00e4htamatu situatsiooni korral kuulake t\u00e4helepanelikult kaptenit ja tema meeskonda.\u00a0<\/span><\/li>\n<li>J\u00e4lgige k\u00f5iki ohutusn\u00f5udeid<\/li>\n<li><span>\u00c4rge astuge esemetele, mis asuvad pardal \u2013 see v\u00f5ib kaasa tuua kukkumise, halvimal juhul \u2013 \u00fcle parda.<\/span><\/li>\n<li><span>Reisija kannab vastutust ohutusn\u00f5uete t\u00e4itmise eest pardal. \u00a0<\/span><\/li>\n<\/ul>\n<h2><span style=\"color: #ffffff;\">Vastutus vara rikkumise korral: <\/span><\/h2>\n<p><span>Kui reisija p\u00f5hjustab vara rikkumist kaasreisijatele v\u00f5i jahi omanikule, siis ta kannab vastutust vastaval kehtivale seadusele, samuti materiaalese kahju.\u00a0<\/span><\/p>\n<p>[\/et_pb_text][\/et_pb_column][\/et_pb_row][\/et_pb_section][et_pb_section fb_built=&#8221;1&#8243; admin_label=&#8221;Footer&#8221; _builder_version=&#8221;4.16&#8243; global_colors_info=&#8221;{}&#8221; theme_builder_area=&#8221;post_content&#8221;][et_pb_row _builder_version=&#8221;4.16&#8243; locked=&#8221;off&#8221; global_colors_info=&#8221;{}&#8221; theme_builder_area=&#8221;post_content&#8221;][et_pb_column type=&#8221;4_4&#8243; _builder_version=&#8221;4.16&#8243; custom_padding=&#8221;|||&#8221; global_colors_info=&#8221;{}&#8221; custom_padding__hover=&#8221;|||&#8221; theme_builder_area=&#8221;post_content&#8221;][et_pb_text _builder_version=&#8221;4.16&#8243; text_font=&#8221;||||||||&#8221; text_font_size=&#8221;16px&#8221; text_line_height=&#8221;2em&#8221; header_font=&#8221;||||||||&#8221; header_2_font=&#8221;Montserrat|300|||||||&#8221; header_2_font_size=&#8221;40px&#8221; header_2_line_height=&#8221;1.4em&#8221; header_5_font=&#8221;||||||||&#8221; header_5_text_color=&#8221;#7f8dff&#8221; header_5_line_height=&#8221;2em&#8221; text_orientation=&#8221;center&#8221; max_width=&#8221;700px&#8221; module_alignment=&#8221;center&#8221; header_2_font_size_tablet=&#8221;&#8221; header_2_font_size_phone=&#8221;30px&#8221; header_2_font_size_last_edited=&#8221;on|phone&#8221; locked=&#8221;off&#8221; global_colors_info=&#8221;{}&#8221; theme_builder_area=&#8221;post_content&#8221;]<\/p>\n<h2>V\u00f5ta \u00fchendust<\/h2>\n<p>K\u00fcsimuste korral, v\u00f5ta julgelt \u00fchendust!<\/p>\n<p>[\/et_pb_text][\/et_pb_column][\/et_pb_row][et_pb_row column_structure=&#8221;2_3,1_3&#8243; _builder_version=&#8221;4.16&#8243; global_colors_info=&#8221;{}&#8221; theme_builder_area=&#8221;post_content&#8221;][et_pb_column type=&#8221;2_3&#8243; _builder_version=&#8221;4.16&#8243; custom_padding=&#8221;|||&#8221; global_colors_info=&#8221;{}&#8221; custom_padding__hover=&#8221;|||&#8221; theme_builder_area=&#8221;post_content&#8221;][et_pb_contact_form captcha=&#8221;off&#8221; success_message=&#8221;Saadetud&#8221; submit_button_text=&#8221;Saada&#8221; module_id=&#8221;et_pb_contact_form_0&#8243; _builder_version=&#8221;4.21.0&#8243; form_field_background_color=&#8221;rgba(0,0,0,0)&#8221; form_field_font=&#8221;||||||||&#8221; custom_button=&#8221;on&#8221; button_text_size=&#8221;14px&#8221; button_text_color=&#8221;#FFFFFF&#8221; button_bg_color=&#8221;#0C71C3&#8243; button_border_width=&#8221;8px&#8221; button_border_color=&#8221;rgba(0,0,0,0)&#8221; button_border_radius=&#8221;0px&#8221; button_letter_spacing=&#8221;2px&#8221; button_font=&#8221;Montserrat|||on|||||&#8221; border_radii=&#8221;on|10px|10px|10px|10px&#8221; border_width_all=&#8221;2px&#8221; border_color_all=&#8221;rgba(0,0,0,0.06)&#8221; form_background_color=&#8221;rgba(0,0,0,0)&#8221; global_colors_info=&#8221;{}&#8221; theme_builder_area=&#8221;post_content&#8221;][et_pb_contact_field field_id=&#8221;Name&#8221; field_title=&#8221;Nimi&#8221; _builder_version=&#8221;4.21.0&#8243; global_colors_info=&#8221;{}&#8221; button_text_size__hover_enabled=&#8221;off&#8221; button_one_text_size__hover_enabled=&#8221;off&#8221; button_two_text_size__hover_enabled=&#8221;off&#8221; button_text_color__hover_enabled=&#8221;off&#8221; button_one_text_color__hover_enabled=&#8221;off&#8221; button_two_text_color__hover_enabled=&#8221;off&#8221; button_border_width__hover_enabled=&#8221;off&#8221; button_one_border_width__hover_enabled=&#8221;off&#8221; button_two_border_width__hover_enabled=&#8221;off&#8221; button_border_color__hover_enabled=&#8221;off&#8221; button_one_border_color__hover_enabled=&#8221;off&#8221; button_two_border_color__hover_enabled=&#8221;off&#8221; button_border_radius__hover_enabled=&#8221;off&#8221; button_one_border_radius__hover_enabled=&#8221;off&#8221; button_two_border_radius__hover_enabled=&#8221;off&#8221; button_letter_spacing__hover_enabled=&#8221;off&#8221; button_one_letter_spacing__hover_enabled=&#8221;off&#8221; button_two_letter_spacing__hover_enabled=&#8221;off&#8221; button_bg_color__hover_enabled=&#8221;off&#8221; button_one_bg_color__hover_enabled=&#8221;off&#8221; button_two_bg_color__hover_enabled=&#8221;off&#8221; theme_builder_area=&#8221;post_content&#8221;][\/et_pb_contact_field][et_pb_contact_field field_id=&#8221;Email&#8221; field_title=&#8221;Email Address&#8221; field_type=&#8221;email&#8221; _builder_version=&#8221;4.21.0&#8243; global_colors_info=&#8221;{}&#8221; button_text_size__hover_enabled=&#8221;off&#8221; button_one_text_size__hover_enabled=&#8221;off&#8221; button_two_text_size__hover_enabled=&#8221;off&#8221; button_text_color__hover_enabled=&#8221;off&#8221; button_one_text_color__hover_enabled=&#8221;off&#8221; button_two_text_color__hover_enabled=&#8221;off&#8221; button_border_width__hover_enabled=&#8221;off&#8221; button_one_border_width__hover_enabled=&#8221;off&#8221; button_two_border_width__hover_enabled=&#8221;off&#8221; button_border_color__hover_enabled=&#8221;off&#8221; button_one_border_color__hover_enabled=&#8221;off&#8221; button_two_border_color__hover_enabled=&#8221;off&#8221; button_border_radius__hover_enabled=&#8221;off&#8221; button_one_border_radius__hover_enabled=&#8221;off&#8221; button_two_border_radius__hover_enabled=&#8221;off&#8221; button_letter_spacing__hover_enabled=&#8221;off&#8221; button_one_letter_spacing__hover_enabled=&#8221;off&#8221; button_two_letter_spacing__hover_enabled=&#8221;off&#8221; button_bg_color__hover_enabled=&#8221;off&#8221; button_one_bg_color__hover_enabled=&#8221;off&#8221; button_two_bg_color__hover_enabled=&#8221;off&#8221; theme_builder_area=&#8221;post_content&#8221;][\/et_pb_contact_field][et_pb_contact_field field_id=&#8221;Message&#8221; field_title=&#8221;S\u00f5num&#8221; field_type=&#8221;text&#8221; fullwidth_field=&#8221;on&#8221; _builder_version=&#8221;4.21.0&#8243; global_colors_info=&#8221;{}&#8221; button_text_size__hover_enabled=&#8221;off&#8221; button_one_text_size__hover_enabled=&#8221;off&#8221; button_two_text_size__hover_enabled=&#8221;off&#8221; button_text_color__hover_enabled=&#8221;off&#8221; button_one_text_color__hover_enabled=&#8221;off&#8221; button_two_text_color__hover_enabled=&#8221;off&#8221; button_border_width__hover_enabled=&#8221;off&#8221; button_one_border_width__hover_enabled=&#8221;off&#8221; button_two_border_width__hover_enabled=&#8221;off&#8221; button_border_color__hover_enabled=&#8221;off&#8221; button_one_border_color__hover_enabled=&#8221;off&#8221; button_two_border_color__hover_enabled=&#8221;off&#8221; button_border_radius__hover_enabled=&#8221;off&#8221; button_one_border_radius__hover_enabled=&#8221;off&#8221; button_two_border_radius__hover_enabled=&#8221;off&#8221; button_letter_spacing__hover_enabled=&#8221;off&#8221; button_one_letter_spacing__hover_enabled=&#8221;off&#8221; button_two_letter_spacing__hover_enabled=&#8221;off&#8221; button_bg_color__hover_enabled=&#8221;off&#8221; button_one_bg_color__hover_enabled=&#8221;off&#8221; button_two_bg_color__hover_enabled=&#8221;off&#8221; theme_builder_area=&#8221;post_content&#8221;][\/et_pb_contact_field][\/et_pb_contact_form][\/et_pb_column][et_pb_column type=&#8221;1_3&#8243; _builder_version=&#8221;4.16&#8243; custom_padding=&#8221;|||&#8221; global_colors_info=&#8221;{}&#8221; custom_padding__hover=&#8221;|||&#8221; theme_builder_area=&#8221;post_content&#8221;][et_pb_blurb title=&#8221;+37258270996&#8243; use_icon=&#8221;on&#8221; font_icon=&#8221;&#xe090;||divi||400&#8243; icon_color=&#8221;#0C71C3&#8243; icon_placement=&#8221;left&#8221; image_icon_width=&#8221;24px&#8221; content_max_width=&#8221;1100px&#8221; _builder_version=&#8221;4.21.0&#8243; header_font=&#8221;Montserrat||||||||&#8221; header_font_size=&#8221;16px&#8221; header_line_height=&#8221;1.4em&#8221; text_orientation=&#8221;center&#8221; icon_font_size=&#8221;24px&#8221; locked=&#8221;off&#8221; global_colors_info=&#8221;{}&#8221; theme_builder_area=&#8221;post_content&#8221;][\/et_pb_blurb][et_pb_blurb title=&#8221;info@seaadventure.ee&#8221; use_icon=&#8221;on&#8221; font_icon=&#8221;&#xe076;||divi||400&#8243; icon_color=&#8221;#0C71C3&#8243; icon_placement=&#8221;left&#8221; image_icon_width=&#8221;24px&#8221; content_max_width=&#8221;1100px&#8221; _builder_version=&#8221;4.21.0&#8243; header_font=&#8221;Montserrat||||||||&#8221; header_font_size=&#8221;16px&#8221; header_line_height=&#8221;1.4em&#8221; text_orientation=&#8221;center&#8221; icon_font_size=&#8221;24px&#8221; locked=&#8221;off&#8221; global_colors_info=&#8221;{}&#8221; theme_builder_area=&#8221;post_content&#8221;][\/et_pb_blurb][\/et_pb_column][\/et_pb_row][\/et_pb_section]<\/p>\n","protected":false},"excerpt":{"rendered":"<p>Reeglid ja ohutusn\u00f5uded Paar momenti, mida tuleb teada enne jahi broneeringu planeerimist: Kapteni s\u00f5na \u2013 seadus. Juhendi ignoreerimisel j\u00e4tab kapten endale \u00f5iguse minna tagasi sadamasse. Jahi rent toimub ainult koos kapteniga. Meie jahil on olemas k\u00f5ik turvavarustus. Kui te planeerite endaga kaas v\u00f5tt lapsi, palume meil teada anda laste vanus ja kogus minimaalselt 3 p\u00e4eva [&hellip;]<\/p>\n","protected":false},"author":1,"featured_media":0,"parent":0,"menu_order":0,"comment_status":"closed","ping_status":"closed","template":"","meta":{"_et_pb_use_builder":"on","_et_pb_old_content":"","_et_gb_content_width":"","footnotes":""},"class_list":["post-255","page","type-page","status-publish","hentry"],"_links":{"self":[{"href":"https:\/\/new.seaadventure.ee\/ru\/wp-json\/wp\/v2\/pages\/255","targetHints":{"allow":["GET"]}}],"collection":[{"href":"https:\/\/new.seaadventure.ee\/ru\/wp-json\/wp\/v2\/pages"}],"about":[{"href":"https:\/\/new.seaadventure.ee\/ru\/wp-json\/wp\/v2\/types\/page"}],"author":[{"embeddable":true,"href":"https:\/\/new.seaadventure.ee\/ru\/wp-json\/wp\/v2\/users\/1"}],"replies":[{"embeddable":true,"href":"https:\/\/new.seaadventure.ee\/ru\/wp-json\/wp\/v2\/comments?post=255"}],"version-history":[{"count":2,"href":"https:\/\/new.seaadventure.ee\/ru\/wp-json\/wp\/v2\/pages\/255\/revisions"}],"predecessor-version":[{"id":258,"href":"https:\/\/new.seaadventure.ee\/ru\/wp-json\/wp\/v2\/pages\/255\/revisions\/258"}],"wp:attachment":[{"href":"https:\/\/new.seaadventure.ee\/ru\/wp-json\/wp\/v2\/media?parent=255"}],"curies":[{"name":"wp","href":"https:\/\/api.w.org\/{rel}","templated":true}]}}