{"id":272,"date":"2023-06-09T03:35:29","date_gmt":"2023-06-09T03:35:29","guid":{"rendered":"https:\/\/new.seaadventure.ee\/?page_id=272"},"modified":"2023-06-09T03:36:14","modified_gmt":"2023-06-09T03:36:14","slug":"menuu","status":"publish","type":"page","link":"https:\/\/new.seaadventure.ee\/ru\/menuu\/","title":{"rendered":"\u041c\u0435\u043d\u044e"},"content":{"rendered":"<p>[et_pb_section fb_built=&#8221;1&#8243; admin_label=&#8221;Header&#8221; _builder_version=&#8221;4.21.0&#8243; _module_preset=&#8221;default&#8221; use_background_color_gradient=&#8221;on&#8221; background_color_gradient_stops=&#8221;rgba(0,0,0,0.4) 0%|#0a1822 100%&#8221; background_color_gradient_overlays_image=&#8221;on&#8221; background_image=&#8221;https:\/\/new.seaadventure.ee\/wp-content\/uploads\/2023\/06\/cropped-258138008_4515765188479099_3156328349283116614_n.jpg&#8221; custom_padding=&#8221;8%||8%||true|false&#8221; hover_enabled=&#8221;0&#8243; locked=&#8221;off&#8221; collapsed=&#8221;on&#8221; global_colors_info=&#8221;{}&#8221; theme_builder_area=&#8221;post_content&#8221; title_text=&#8221;cropped-258138008_4515765188479099_3156328349283116614_n&#8221; background_enable_color=&#8221;off&#8221; sticky_enabled=&#8221;0&#8243;][et_pb_row column_structure=&#8221;1_2,1_2&#8243; _builder_version=&#8221;4.18.0&#8243; _module_preset=&#8221;default&#8221; hover_enabled=&#8221;0&#8243; locked=&#8221;off&#8221; global_colors_info=&#8221;{}&#8221; theme_builder_area=&#8221;post_content&#8221; sticky_enabled=&#8221;0&#8243;][et_pb_column type=&#8221;1_2&#8243; _builder_version=&#8221;4.18.0&#8243; _module_preset=&#8221;default&#8221; global_colors_info=&#8221;{}&#8221; theme_builder_area=&#8221;post_content&#8221;][et_pb_image src=&#8221;https:\/\/new.seaadventure.ee\/wp-content\/uploads\/2023\/05\/logo.png&#8221; _builder_version=&#8221;4.21.0&#8243; _module_preset=&#8221;default&#8221; theme_builder_area=&#8221;post_content&#8221; title_text=&#8221;logo&#8221; max_height=&#8221;50px&#8221; hover_enabled=&#8221;0&#8243; sticky_enabled=&#8221;0&#8243;][\/et_pb_image][\/et_pb_column][et_pb_column type=&#8221;1_2&#8243; _builder_version=&#8221;4.18.0&#8243; _module_preset=&#8221;default&#8221; global_colors_info=&#8221;{}&#8221; theme_builder_area=&#8221;post_content&#8221;][et_pb_text _builder_version=&#8221;4.18.0&#8243; _module_preset=&#8221;c16985e1-e0d6-4022-964d-e2bfc04fa633&#8243; header_font=&#8221;Baskervville|700|||||||&#8221; header_text_color=&#8221;#FFFFFF&#8221; header_font_size=&#8221;72px&#8221; header_line_height=&#8221;1.2em&#8221; header_2_text_color=&#8221;#005CC8&#8243; header_font_size_tablet=&#8221;40px&#8221; header_font_size_phone=&#8221;24px&#8221; header_font_size_last_edited=&#8221;on|desktop&#8221; locked=&#8221;off&#8221; global_colors_info=&#8221;{}&#8221; theme_builder_area=&#8221;post_content&#8221;]<\/p>\n<h1>Men\u00fc\u00fc<\/h1>\n<p>[\/et_pb_text][\/et_pb_column][\/et_pb_row][\/et_pb_section][et_pb_section fb_built=&#8221;1&#8243; admin_label=&#8221;Menu&#8221; _builder_version=&#8221;4.18.0&#8243; _module_preset=&#8221;default&#8221; locked=&#8221;off&#8221; collapsed=&#8221;on&#8221; global_colors_info=&#8221;{}&#8221; theme_builder_area=&#8221;post_content&#8221;][et_pb_row _builder_version=&#8221;4.18.0&#8243; _module_preset=&#8221;default&#8221; locked=&#8221;off&#8221; global_colors_info=&#8221;{}&#8221; theme_builder_area=&#8221;post_content&#8221;][et_pb_column type=&#8221;4_4&#8243; _builder_version=&#8221;4.18.0&#8243; _module_preset=&#8221;default&#8221; global_colors_info=&#8221;{}&#8221; theme_builder_area=&#8221;post_content&#8221;][et_pb_text _builder_version=&#8221;4.21.0&#8243; _module_preset=&#8221;4827deed-2a92-4d97-a22f-f01067ae6873&#8243; header_font=&#8221;||||||||&#8221; header_4_font=&#8221;Baskervville|700|||||||&#8221; header_4_text_color=&#8221;#005CC8&#8243; header_4_font_size=&#8221;20px&#8221; header_4_line_height=&#8221;1.5em&#8221; text_orientation=&#8221;center&#8221; custom_margin=&#8221;||0px||false|false&#8221; hover_enabled=&#8221;0&#8243; header_4_font_size_tablet=&#8221;16px&#8221; header_4_font_size_phone=&#8221;14px&#8221; header_4_font_size_last_edited=&#8221;on|tablet&#8221; locked=&#8221;off&#8221; global_colors_info=&#8221;{}&#8221; theme_builder_area=&#8221;post_content&#8221; sticky_enabled=&#8221;0&#8243;]<\/p>\n<div class=\"page\" title=\"Page 1\">\n<p><span style=\"font-size: 14px;\">ISUTEKITAJAD PERERAHVA AUVA\u0308A\u0308RT KU\u0308LALISTELE<\/span><\/p>\n<div class=\"layoutArea\">\n<div class=\"column\">\n<p><span>Kolme juustu vaagen <\/span><span>17<\/span><span>\u20ac <\/span><\/p>\n<p><span>Soolaheeringas punase sibula, keedukartuli ja hapukoorega <\/span><span>13<\/span><span>\u20ac<\/span><\/p>\n<p><span>O\u0303rnsoolalo\u0303he tilli ja keedukartuliga <\/span><span>15<\/span><span>\u20ac <\/span><\/p>\n<p><span>Pikantsed kanatiivad Buffalo kastmega <\/span><span>10<\/span><span>\u20ac <\/span><\/p>\n<p><span>Seapraelo\u0303igud sibula, punapeedi, ma\u0308daro\u0303ika, sinepi ja musta leivaga <\/span><span>9<\/span><span>\u20ac<\/span><\/p>\n<p><span> <\/span><span>Soolapekk soolakurgi, ts\u030cillipipra, marineeritud ku\u0308u\u0308slaugu, sinepi ja rukkileivaga <\/span><span>9<\/span><span>\u20ac <\/span><\/p>\n<p><span>Kodused ku\u0308u\u0308slauguleivad dipikastmega <\/span><span>7<\/span><span>\u20ac<\/span><\/p>\n<p><span>SALATID KAUPMEHETU\u0308TRE MARGARETA SAHVRIST<br \/><\/span><span>Kitsejuustusalat maasikate, ko\u0308o\u0308giviljade, ro\u0308stitud pa\u0308hklite ja koriandrikastmega <\/span><span>14<\/span><span>\u20ac<\/span><\/p>\n<p><span> <\/span><span>Caesari salat kanalihaga \/ hiidkrevettidega <\/span><span>12<\/span><span>\u20ac<\/span><span>\/14<\/span><span>\u20ac<\/span><\/p>\n<p><span>Tuunikalasalat va\u0308rskete ko\u0308o\u0308giviljade ja koriandrikastmega<br \/><\/span><span>14<\/span><span>\u20ac <\/span><\/p>\n<p><span>Graavilo\u0303hesalat vutimuna, ko\u0308o\u0308giviljadega ja oliivo\u0303liga<br \/><\/span><span>15<\/span><span>\u20ac <\/span><\/p>\n<p><span>Va\u0308rske kirsstomati salat punase sibula, maitserohelise ja maitsestatud oliivo\u0303liga <\/span><span>10<\/span><span>\u20ac<\/span><\/p>\n<p><span>LEEMED HERMEN POTGETERI PAJAST<br \/><\/span><span>Klassikaline lihaseljanka kolme lihaga <\/span><span>10<\/span><span>\u20ac<\/span><\/p>\n<p><span>Vegansupp hapuoblikaga <\/span><span>6<\/span><span>\u20ac <\/span><span>Kodune kanasupp odrakruupide ja puravikega <\/span><span>10<\/span><span>\u20ac<\/span><\/p>\n<p><span>\u201ePIPRAKOTT\u201c HANSU SOOVITUSED<\/span><\/p>\n<p><span>Kro\u0303be seakoot hapukapsa, ahjukartulite ja sinepikastmega (kahele) <\/span><span>35<\/span><span>\u20ac<\/span><\/p>\n<p><span>Grillitud lo\u0303hefilee blans\u030ceeritud Tu\u0308rgi ubade ja vinegrett-kastmega <\/span><span>23<\/span><span>\u20ac<\/span><\/p>\n<p><span>O\u0303rnalt suitsutatud pardifilee mango-kastme, Tu\u0308rgi ubade ja ahjuo\u0303untega <\/span><span>23<\/span><span>\u20ac<\/span><\/p>\n<p><span>O\u0303lles mooritud lambaliha juustukatte ja ahjukartulitega <\/span><span>22<\/span><span>\u20ac\u00a0<\/span><\/p>\n<p><span>Ribid sealihast kirsiglasuuriga, barbecue kastme ja va\u0308rske salatiga <\/span><span>16<\/span><span>\u20ac<\/span><\/p>\n<p><span>Maisitibu vu\u0308rtsika adz\u030cika kastme ja ko\u0308o\u0308giviljadega <\/span><span>22<\/span><span>\u20ac <\/span><\/p>\n<p><span>Lihapallid ja\u0308neselihast, koorese seenekastme ja kartulipu\u0308reega <\/span><span>17<\/span><span>\u20ac <\/span><\/p>\n<p><span>Haugikotletid marineeritud ko\u0303rvitsa, kartulipu\u0308ree ja tartarkastmega <\/span><span>17<\/span><span>\u20ac <\/span><\/p>\n<p><span>Po\u0303draliha hakk-kotlet orzotto ja punase so\u0303stra Demi-Glace kastmega <\/span><span>18<\/span><span>\u20ac<\/span><\/p>\n<p><span> <\/span><span>Kotletid Tu\u0308rgi ubadest va\u0308rske salati ja kuskussiga <\/span><span>18<\/span><span>\u20ac <\/span><span>Kikerhernekarri basmatiriisiga <\/span><span>16<\/span><span>\u20ac<\/span><\/p>\n<p><span>VA\u0308IKESELE KU\u0308LALISELE<br \/><\/span><span>Koorene kanapasta riivjuustuga <\/span><span>8<\/span><span>\u20ac<\/span><\/p>\n<p><span>Friikartulid viinerite ning tomati- ja kurgiviiludega <\/span><span>8<\/span><span>\u20ac <\/span><span>PERETU\u0308TRE KATHARINA MAGUSROAD<\/span><\/p>\n<p><span>Klassikaline bru\u0308leekreem <\/span><span>8<\/span><span>\u20ac <\/span><\/p>\n<p><span>Pannkoogid ahjuo\u0303una ja vaniljeja\u0308a\u0308tisega <\/span><span>8<\/span><span>\u20ac<\/span><\/p>\n<p><span>Klassikaline kamatort puuviljakastmega <\/span><span>9<\/span><span>\u20ac\u00a0<\/span><\/p>\n<p><span><\/span><\/p>\n<\/div>\n<div class=\"column\"><\/div>\n<\/div>\n<div class=\"layoutArea\">\n<div class=\"column\">\n<p>SEA ADVENTURE ERI<\/p>\n<p><span style=\"font-size: 14px;\"><span>Suupiste l\u00f5hega 5\u20ac<\/span><\/span><\/p>\n<p><span style=\"font-size: 14px;\"><span>Rostbiif karamelli sibulaga 10\u20ac<\/span><\/span><\/p>\n<p><span style=\"font-size: 14px;\"><span>Kala taignas ja tartarkastmega 8\u20ac<\/span><\/span><\/p>\n<p><span style=\"font-size: 14px;\"><span>T\u00e4idetud muna 4\u20ac<\/span><br \/><span>Heeringafilee frit\u00fc\u00fcris kurgikastmega 6\u20ac <\/span><\/span><\/p>\n<p><span style=\"font-size: 14px;\"><span>Veiseliha tartar r\u00f5stsaiaga ja koduse ad\u017eikaga 14\u20ac<\/span><\/span><\/p>\n<p><span style=\"font-size: 14px;\"><span>Singisalat (200gr) 8\u20ac<\/span><\/span><\/p>\n<p><span style=\"font-size: 14px;\"><span>Salaat Mimoos (500gr) 15\u20ac<\/span><\/span><\/p>\n<p><span style=\"font-size: 14px;\"><span>Mini-\u0161a\u0161l\u00f5kivarras ahjukartuliga, kastmega ja juurviljadega kana 10\u20ac, sea 12\u20ac, l\u00f5he 15\u20ac<\/span><\/span><\/p>\n<\/div>\n<\/div>\n<\/div>\n<p>[\/et_pb_text][\/et_pb_column][\/et_pb_row][\/et_pb_section]<\/p>\n","protected":false},"excerpt":{"rendered":"<p>Men\u00fc\u00fc ISUTEKITAJAD PERERAHVA AUVA\u0308A\u0308RT KU\u0308LALISTELE Kolme juustu vaagen 17\u20ac Soolaheeringas punase sibula, keedukartuli ja hapukoorega 13\u20ac O\u0303rnsoolalo\u0303he tilli ja keedukartuliga 15\u20ac Pikantsed kanatiivad Buffalo kastmega 10\u20ac Seapraelo\u0303igud sibula, punapeedi, ma\u0308daro\u0303ika, sinepi ja musta leivaga 9\u20ac Soolapekk soolakurgi, ts\u030cillipipra, marineeritud ku\u0308u\u0308slaugu, sinepi ja rukkileivaga 9\u20ac Kodused ku\u0308u\u0308slauguleivad dipikastmega 7\u20ac SALATID KAUPMEHETU\u0308TRE MARGARETA SAHVRISTKitsejuustusalat maasikate, ko\u0308o\u0308giviljade, ro\u0308stitud [&hellip;]<\/p>\n","protected":false},"author":1,"featured_media":0,"parent":0,"menu_order":0,"comment_status":"closed","ping_status":"closed","template":"","meta":{"_et_pb_use_builder":"on","_et_pb_old_content":"","_et_gb_content_width":"","footnotes":""},"class_list":["post-272","page","type-page","status-publish","hentry"],"_links":{"self":[{"href":"https:\/\/new.seaadventure.ee\/ru\/wp-json\/wp\/v2\/pages\/272","targetHints":{"allow":["GET"]}}],"collection":[{"href":"https:\/\/new.seaadventure.ee\/ru\/wp-json\/wp\/v2\/pages"}],"about":[{"href":"https:\/\/new.seaadventure.ee\/ru\/wp-json\/wp\/v2\/types\/page"}],"author":[{"embeddable":true,"href":"https:\/\/new.seaadventure.ee\/ru\/wp-json\/wp\/v2\/users\/1"}],"replies":[{"embeddable":true,"href":"https:\/\/new.seaadventure.ee\/ru\/wp-json\/wp\/v2\/comments?post=272"}],"version-history":[{"count":3,"href":"https:\/\/new.seaadventure.ee\/ru\/wp-json\/wp\/v2\/pages\/272\/revisions"}],"predecessor-version":[{"id":291,"href":"https:\/\/new.seaadventure.ee\/ru\/wp-json\/wp\/v2\/pages\/272\/revisions\/291"}],"wp:attachment":[{"href":"https:\/\/new.seaadventure.ee\/ru\/wp-json\/wp\/v2\/media?parent=272"}],"curies":[{"name":"wp","href":"https:\/\/api.w.org\/{rel}","templated":true}]}}