{"id":88,"date":"2023-05-16T20:41:30","date_gmt":"2023-05-16T20:41:30","guid":{"rendered":"https:\/\/new.seaadventure.ee\/?post_type=product&#038;p=88"},"modified":"2023-05-26T12:12:20","modified_gmt":"2023-05-26T12:12:20","slug":"kruiis-tallinna-lahel","status":"publish","type":"product","link":"https:\/\/new.seaadventure.ee\/ru\/product\/kruiis-tallinna-lahel\/","title":{"rendered":"\u041a\u0440\u0443\u0438\u0437 \u043f\u043e \u0422\u0430\u043b\u043b\u0438\u043d\u043d\u0441\u043a\u043e\u043c\u0443 \u0437\u0430\u043b\u0438\u0432\u0443"},"content":{"rendered":"<h3>\u041f\u0430\u043a\u0435\u0442 \u043a\u0440\u0443\u0438\u0437 \u043f\u043e \u0422\u0430\u043b\u043b\u0438\u043d\u0441\u043a\u043e\u043c\u0443 \u0437\u0430\u043b\u0438\u0432\u0443<\/h3>\n<div class=\"title-block7\"><\/div>\n<div class=\"wpb_text_column wpb_content_element\">\n<div class=\"wpb_wrapper\">\n<p>\u0423 \u0412\u0430\u0441 \u0435\u0441\u0442\u044c \u0432\u043e\u0437\u043c\u043e\u0436\u043d\u043e\u0441\u0442\u044c \u043e\u0442\u0434\u043e\u0445\u043d\u0443\u0442\u044c \u043d\u0430 \u043f\u0430\u0440\u0443\u0441\u043d\u043e\u0439 \u044f\u0445\u0442\u0435 \u0432 \u043a\u043e\u043c\u043f\u0430\u043d\u0438\u0438 \u0434\u0440\u0443\u0437\u0435\u0439, \u0431\u043b\u0438\u0437\u043a\u0438\u0445 \u0438\u043b\u0438 \u043b\u044e\u0431\u0438\u043c\u044b\u0445. \u0412 \u043c\u043e\u0440\u0435 \u043c\u043e\u0436\u043d\u043e \u043e\u0442\u043e\u0440\u0432\u0430\u0442\u044c\u0441\u044f \u043e\u0442 \u0433\u043e\u0440\u043e\u0434\u0441\u043a\u043e\u0439 \u0441\u0443\u0435\u0442\u044b \u0438 \u043f\u043e\u0447\u0443\u0432\u0441\u0442\u0432\u043e\u0432\u0430\u0442\u044c \u0441\u0435\u0431\u044f \u201c\u0441\u0432\u043e\u0431\u043e\u0434\u043d\u044b\u043c\u201d. \u041f\u0440\u043e\u0433\u0443\u043b\u043a\u0430 \u043d\u0430 \u044f\u0445\u0442\u0435 \u043f\u043e\u0434\u0430\u0440\u0438\u0442 \u0412\u0430\u043c \u043d\u0435\u0437\u0430\u0431\u044b\u0432\u0430\u0435\u043c\u044b\u0435 \u0432\u043f\u0435\u0447\u0430\u0442\u043b\u0435\u043d\u0438\u044f.<strong>\u0412 \u043f\u0430\u043a\u0435\u0442 \u0432\u0445\u043e\u0434\u0438\u0442 \u043f\u0440\u043e\u0433\u0443\u043b\u043a\u0430 \u043d\u0430 \u043f\u0430\u0440\u0443\u0441\u043d\u043e\u0439 \u044f\u0445\u0442\u0435 2 \u0447\u0430\u0441\u0430 \u0441 \u044d\u043a\u0438\u043f\u0430\u0436\u0435\u043c.<\/strong>\u00a0<strong>\u041f\u0430\u043a\u0435\u0442 \u0440\u0430\u0441\u0441\u0447\u0438\u0442\u0430\u043d \u0434\u043e 10 \u0447\u0435\u043b\u043e\u0432\u0435\u043a.<\/strong>\u00a0\u041b\u044e\u0431\u043e\u0439 \u043f\u0430\u043a\u0435\u0442 \u043f\u0440\u0438 \u0436\u0435\u043b\u0430\u043d\u0438\u0438 \u043c\u043e\u0436\u043d\u043e \u043f\u0440\u043e\u0434\u043b\u0438\u0442\u044c. \u0412 \u043f\u0440\u043e\u0446\u0435\u0441\u0441\u0435 \u043f\u0440\u043e\u0433\u0443\u043b\u043a\u0438, \u0435\u0441\u043b\u0438 \u0432\u0440\u0435\u043c\u044f \u043d\u0435 \u0437\u0430\u0431\u0440\u043e\u043d\u0438\u0440\u043e\u0432\u0430\u043d\u043e \u0434\u0440\u0443\u0433\u0438\u043c\u0438 \u043a\u043b\u0438\u0435\u043d\u0442\u0430\u043c\u0438 \u0438\u043b\u0438 \u043f\u0440\u0435\u0434\u0443\u043f\u0440\u0435\u0434\u0438\u0432 \u0437\u0430\u0440\u0430\u043d\u0435\u0435.<\/p>\n<ul>\n<li>\u041c\u0435\u0441\u0442\u043e: \u0422\u0430\u043b\u043b\u0438\u043d\u043d<\/li>\n<li>\u041c\u0430\u043a\u0441 10 \u0447\u0435\u043b\u043e\u0432\u0435\u043a<\/li>\n<li>\u0426\u0435\u043d\u0430: 300\u20ac \/ 2 \u0447\u0430\u0441\u0430<\/li>\n<\/ul>\n<\/div>\n<\/div>","protected":false},"excerpt":{"rendered":"<p>Pakett kruiis Tallinna lahel Teil on v\u00f5imalus puhata purjejahil koos s\u00f5prade, l\u00e4hedaste ja kallimate seltsis. Merel on v\u00f5imalik eemalduda linna argielust ja tunda ennast &#8220;vabana&#8221;. Jalutusk\u00e4ik jahil kingib teil unustamatuid hetki.Pakett sisaldab s\u00f5itu purjejahil 2 tundi koos meeskonnaga.\u00a0Pakett on m\u00f5eldud kuni 10 inimesele.\u00a0Igat paketti on soovi korral v\u00f5imalik pikendada s\u00f5idu protsessis, kui pole ette broneeritud [&hellip;]<\/p>\n","protected":false},"featured_media":46,"template":"","meta":{"_et_pb_use_builder":"","_et_pb_old_content":"","_et_gb_content_width":""},"product_brand":[],"product_cat":[15],"product_tag":[],"class_list":{"0":"post-88","1":"product","2":"type-product","3":"status-publish","4":"has-post-thumbnail","6":"product_cat-maaramata","8":"first","9":"instock","10":"shipping-taxable","11":"purchasable","12":"product-type-simple"},"_links":{"self":[{"href":"https:\/\/new.seaadventure.ee\/ru\/wp-json\/wp\/v2\/product\/88","targetHints":{"allow":["GET"]}}],"collection":[{"href":"https:\/\/new.seaadventure.ee\/ru\/wp-json\/wp\/v2\/product"}],"about":[{"href":"https:\/\/new.seaadventure.ee\/ru\/wp-json\/wp\/v2\/types\/product"}],"wp:featuredmedia":[{"embeddable":true,"href":"https:\/\/new.seaadventure.ee\/ru\/wp-json\/wp\/v2\/media\/46"}],"wp:attachment":[{"href":"https:\/\/new.seaadventure.ee\/ru\/wp-json\/wp\/v2\/media?parent=88"}],"wp:term":[{"taxonomy":"product_brand","embeddable":true,"href":"https:\/\/new.seaadventure.ee\/ru\/wp-json\/wp\/v2\/product_brand?post=88"},{"taxonomy":"product_cat","embeddable":true,"href":"https:\/\/new.seaadventure.ee\/ru\/wp-json\/wp\/v2\/product_cat?post=88"},{"taxonomy":"product_tag","embeddable":true,"href":"https:\/\/new.seaadventure.ee\/ru\/wp-json\/wp\/v2\/product_tag?post=88"}],"curies":[{"name":"wp","href":"https:\/\/api.w.org\/{rel}","templated":true}]}}