{"id":90,"date":"2023-05-16T20:45:03","date_gmt":"2023-05-16T20:45:03","guid":{"rendered":"https:\/\/new.seaadventure.ee\/?post_type=product&#038;p=90"},"modified":"2023-05-26T13:00:06","modified_gmt":"2023-05-26T13:00:06","slug":"jalutuskaik-naissaarele","status":"publish","type":"product","link":"https:\/\/new.seaadventure.ee\/ru\/product\/jalutuskaik-naissaarele\/","title":{"rendered":"\u041b\u0438\u043c\u0443\u0437\u0438\u043d+ \u042f\u0445\u0442\u0430"},"content":{"rendered":"<p>\u041f\u0430\u043a\u0435\u0442 \u043f\u043e\u0434\u0445\u043e\u0434\u0438\u0442 \u0434\u043b\u044f \u043f\u0440\u043e\u0432\u0435\u0434\u0435\u043d\u0438\u044f \u043c\u0430\u043b\u044c\u0447\u0438\u0448\u043d\u0438\u043a\u043e\u0432, \u0434\u0435\u0432\u0438\u0448\u043d\u0438\u043a\u043e\u0432, \u0441\u0432\u0430\u0434\u0435\u0431\u043d\u043e\u0439 \u043f\u0440\u043e\u0433\u0443\u043b\u043a\u0438, \u0434\u043d\u044f \u0440\u043e\u0436\u0434\u0435\u043d\u0438\u044f \u0430 \u0442\u0430\u043a\u0436\u0435 \u0434\u043b\u044f \u043e\u0442\u0434\u044b\u0445\u0430 \u0432 \u0445\u043e\u0440\u043e\u0448\u0435\u0439 \u043a\u043e\u043c\u043f\u0430\u043d\u0438\u0438.\n\n\u0412 \u043f\u0430\u043a\u0435\u0442 \u0432\u0445\u043e\u0434\u0438\u0442 \u043a\u0430\u0442\u0430\u043d\u0438\u0435 \u043d\u0430 \u043b\u0438\u043c\u0443\u0437\u0438\u043d\u0435 \u0441 \u0432\u043e\u0434\u0438\u0442\u0435\u043b\u0435\u043c \u043f\u0440\u043e\u0434\u043e\u043b\u0436\u0438\u0442\u0435\u043b\u044c\u043d\u043e\u0441\u0442\u044c\u044e 2 \u0447\u0430\u0441\u0430 (Chrysler 300C limusiin), \u043f\u0440\u0438\u0432\u0435\u0442\u0441\u0442\u0432\u0435\u043d\u043d\u044b\u0439 \u043d\u0430\u043f\u0438\u0442\u043e\u043a \u0432 \u043b\u0438\u043c\u0443\u0437\u0438\u043d\u0435 \u0438 \u043f\u0440\u043e\u0433\u0443\u043b\u043a\u0430 \u043d\u0430 \u043f\u0430\u0440\u0443\u0441\u043d\u043e\u0439 \u044f\u0445\u0442\u0435 2 \u0447\u0430\u0441\u0430 \u0441 \u044d\u043a\u0438\u043f\u0430\u0436\u0435\u043c. \u041f\u0430\u043a\u0435\u0442 \u0440\u0430\u0441\u0441\u0447\u0438\u0442\u0430\u043d \u0434\u043e 8 \u0447\u0435\u043b\u043e\u0432\u0435\u043a.<\/p>\n<p>\u041b\u044e\u0431\u043e\u0439 \u043f\u0430\u043a\u0435\u0442 \u043f\u0440\u0438 \u0436\u0435\u043b\u0430\u043d\u0438\u0438 \u043c\u043e\u0436\u043d\u043e \u043f\u0440\u043e\u0434\u043b\u0438\u0442\u044c. \u0412 \u043f\u0440\u043e\u0446\u0435\u0441\u0441\u0435 \u043f\u0440\u043e\u0433\u0443\u043b\u043a\u0438, \u0435\u0441\u043b\u0438 \u0432\u0440\u0435\u043c\u044f \u043d\u0435 \u0437\u0430\u0431\u0440\u043e\u043d\u0438\u0440\u043e\u0432\u0430\u043d\u043e \u0434\u0440\u0443\u0433\u0438\u043c\u0438 \u043a\u043b\u0438\u0435\u043d\u0442\u0430\u043c\u0438 \u0438\u043b\u0438 \u043f\u0440\u0435\u0434\u0443\u043f\u0440\u0435\u0434\u0438\u0432 \u0437\u0430\u0440\u0430\u043d\u0435\u0435.<\/p>","protected":false},"excerpt":{"rendered":"<p>Pakett sobib poissmeeste\u00f5htuks, pruudipeoks, abielu jalutusk\u00e4iguks, s\u00fcnnip\u00e4evaks ning samuti puhkuseks ja hea seltskonna peoks. Pakett sisaldab s\u00f5it limusiiniga koos juhiga 2 tundi (Chrysler 300C limusiin), tervitusjook limusiinis ja jalutusk\u00e4ik purjejahil 2 tundi koos meeskonnaga. Pakett on m\u00f5eldud 8 inimesele. Igat paketti on soovi korral v\u00f5imalik pikendada s\u00f5idu protsessis, kui pole ette broneeritud teiste klientide poolt.<\/p>","protected":false},"featured_media":183,"template":"","meta":{"_et_pb_use_builder":"","_et_pb_old_content":"","_et_gb_content_width":""},"product_brand":[],"product_cat":[15],"product_tag":[],"class_list":{"0":"post-90","1":"product","2":"type-product","3":"status-publish","4":"has-post-thumbnail","6":"product_cat-maaramata","8":"first","9":"instock","10":"shipping-taxable","11":"purchasable","12":"product-type-simple"},"_links":{"self":[{"href":"https:\/\/new.seaadventure.ee\/ru\/wp-json\/wp\/v2\/product\/90","targetHints":{"allow":["GET"]}}],"collection":[{"href":"https:\/\/new.seaadventure.ee\/ru\/wp-json\/wp\/v2\/product"}],"about":[{"href":"https:\/\/new.seaadventure.ee\/ru\/wp-json\/wp\/v2\/types\/product"}],"wp:featuredmedia":[{"embeddable":true,"href":"https:\/\/new.seaadventure.ee\/ru\/wp-json\/wp\/v2\/media\/183"}],"wp:attachment":[{"href":"https:\/\/new.seaadventure.ee\/ru\/wp-json\/wp\/v2\/media?parent=90"}],"wp:term":[{"taxonomy":"product_brand","embeddable":true,"href":"https:\/\/new.seaadventure.ee\/ru\/wp-json\/wp\/v2\/product_brand?post=90"},{"taxonomy":"product_cat","embeddable":true,"href":"https:\/\/new.seaadventure.ee\/ru\/wp-json\/wp\/v2\/product_cat?post=90"},{"taxonomy":"product_tag","embeddable":true,"href":"https:\/\/new.seaadventure.ee\/ru\/wp-json\/wp\/v2\/product_tag?post=90"}],"curies":[{"name":"wp","href":"https:\/\/api.w.org\/{rel}","templated":true}]}}