{"id":93,"date":"2023-05-16T20:48:57","date_gmt":"2023-05-16T20:48:57","guid":{"rendered":"https:\/\/new.seaadventure.ee\/?post_type=product&#038;p=93"},"modified":"2023-06-09T18:51:39","modified_gmt":"2023-06-09T18:51:39","slug":"limusiin-jaht","status":"publish","type":"product","link":"https:\/\/new.seaadventure.ee\/ru\/product\/limusiin-jaht\/","title":{"rendered":"\u041f\u0440\u043e\u0433\u0443\u043b\u043a\u0430 \u043d\u0430 \u043e\u0441\u0442\u0440\u043e\u0432 Naissaar"},"content":{"rendered":"<p>\u041d\u0430 \u043e\u0441\u0442\u0440\u043e\u0432\u0435 \u0412\u0430\u0441 \u0436\u0434\u0443\u0442 \u043f\u0440\u0435\u043a\u0440\u0430\u0441\u043d\u044b\u0435 \u0432\u0438\u0434\u044b \u0438 \u043f\u0435\u0439\u0437\u0430\u0436\u0438. \u0415\u0441\u0442\u044c \u043c\u0435\u0441\u0442\u043e \u0434\u043b\u044f \u043f\u0438\u043a\u043d\u0438\u043a\u0430 \u0438 \u043f\u043b\u044f\u0436. \u0422\u0430\u043a\u0436\u0435 \u043d\u0430 \u043e\u0441\u0442\u0440\u043e\u0432\u0435 \u0435\u0441\u0442\u044c \u0440\u0435\u0441\u0442\u043e\u0440\u0430\u043d, \u0431\u0430\u043d\u044f, \u043c\u043e\u0436\u043d\u043e \u0430\u0440\u0435\u043d\u0434\u043e\u0432\u0430\u0442\u044c \u043a\u0432\u0430\u0434\u0440\u043e\u0446\u0438\u043a\u043b \u0438\u043b\u0438 \u043f\u0440\u043e\u0441\u0442\u043e \u043f\u0440\u043e\u0433\u0443\u043b\u044f\u0442\u044c\u0441\u044f \u043f\u0435\u0448\u043a\u043e\u043c \u0438 \u043f\u043e\u0434\u044b\u0448\u0430\u0442\u044c \u0441\u0432\u0435\u0436\u0438\u043c \u0432\u043e\u0437\u0434\u0443\u0445\u043e\u043c.<\/p>\n<ul>\n<li>\u0412 \u043f\u0430\u043a\u0435\u0442 \u0432\u0445\u043e\u0434\u0438\u0442 \u043f\u0440\u043e\u0433\u0443\u043b\u043a\u0430 \u043d\u0430 \u043f\u0430\u0440\u0443\u0441\u043d\u043e\u0439 \u044f\u0445\u0442\u0435 \u0441 \u044d\u043a\u0438\u043f\u0430\u0436\u0435\u043c \u0434\u043e \u043e\u0441\u0442\u0440\u043e\u0432\u0430 \u041d\u0430\u0439\u0441\u0441\u0430\u0430\u0440\u0435, \u0432\u044b\u0441\u0430\u0434\u043a\u0430 \u043d\u0430 \u043e\u0441\u0442\u0440\u043e\u0432 \u0438 \u0434\u043e\u0440\u043e\u0433\u0430 \u043e\u0431\u0440\u0430\u0442\u043d\u043e.<\/li>\n<li>\u041e\u0431\u0449\u0430\u044f \u043f\u0440\u043e\u0434\u043e\u043b\u0436\u0438\u0442\u0435\u043b\u044c\u043d\u043e\u0441\u0442\u044c \u043f\u0430\u043a\u0435\u0442\u0430: 8-10 \u0447\u0430\u0441\u043e\u0432<\/li>\n<\/ul>\n<h2>\u0426\u0435\u043d\u0430 \u0432 \u0431\u0443\u0434\u043d\u0438\u0439 \u0434\u0435\u043d\u044c 550 \u0435\u0432\u0440\u043e<\/h2>\n<h2>\u0426\u0435\u043d\u0430 \u0432 \u0432\u044b\u0445\u043e\u0434\u043d\u044b\u0435 700 \u0435\u0432\u0440\u043e<\/h2>\n<p>\u041b\u044e\u0431\u043e\u0439 \u043f\u0430\u043a\u0435\u0442 \u043f\u0440\u0438 \u0436\u0435\u043b\u0430\u043d\u0438\u0438 \u043c\u043e\u0436\u043d\u043e \u043f\u0440\u043e\u0434\u043b\u0438\u0442\u044c. \u0412 \u043f\u0440\u043e\u0446\u0435\u0441\u0441\u0435 \u043f\u0440\u043e\u0433\u0443\u043b\u043a\u0438, \u0435\u0441\u043b\u0438 \u0432\u0440\u0435\u043c\u044f \u043d\u0435 \u0437\u0430\u0431\u0440\u043e\u043d\u0438\u0440\u043e\u0432\u0430\u043d\u043e \u0434\u0440\u0443\u0433\u0438\u043c\u0438 \u043a\u043b\u0438\u0435\u043d\u0442\u0430\u043c\u0438 \u0438\u043b\u0438 \u043f\u0440\u0435\u0434\u0443\u043f\u0440\u0435\u0434\u0438\u0432 \u0437\u0430\u0440\u0430\u043d\u0435\u0435.<\/p>","protected":false},"excerpt":{"rendered":"<p>Saarel teid ootavad suurep\u00e4rased vaated ja maastikud. Onkohti piknikuteks ja rand. Samuti on saarel olemas restoran, saun, v\u00f5imalus rentida ATV-d v\u00f5i lihtsalt jalutada m\u00f6\u00f6da saart ja hingata v\u00e4rsket \u00f5hku. Pakett sisaldab jalutusk\u00e4iku purjejahiga koos meeskonnaga Naissaarele, maabumine saarele ja tagasis\u00f5it. \u00dcldine paketi kestvus: 8-10 tundi Hind t\u00f6\u00f6p\u00e4eviti 550\u20ac Hind n\u00e4dalavahetusel 700\u20ac Igat paketti on soovi [&hellip;]<\/p>\n","protected":false},"featured_media":172,"template":"","meta":{"_et_pb_use_builder":"","_et_pb_old_content":"","_et_gb_content_width":""},"product_brand":[],"product_cat":[15],"product_tag":[],"class_list":{"0":"post-93","1":"product","2":"type-product","3":"status-publish","4":"has-post-thumbnail","6":"product_cat-maaramata","8":"first","9":"instock","10":"shipping-taxable","11":"purchasable","12":"product-type-variable"},"_links":{"self":[{"href":"https:\/\/new.seaadventure.ee\/ru\/wp-json\/wp\/v2\/product\/93","targetHints":{"allow":["GET"]}}],"collection":[{"href":"https:\/\/new.seaadventure.ee\/ru\/wp-json\/wp\/v2\/product"}],"about":[{"href":"https:\/\/new.seaadventure.ee\/ru\/wp-json\/wp\/v2\/types\/product"}],"wp:featuredmedia":[{"embeddable":true,"href":"https:\/\/new.seaadventure.ee\/ru\/wp-json\/wp\/v2\/media\/172"}],"wp:attachment":[{"href":"https:\/\/new.seaadventure.ee\/ru\/wp-json\/wp\/v2\/media?parent=93"}],"wp:term":[{"taxonomy":"product_brand","embeddable":true,"href":"https:\/\/new.seaadventure.ee\/ru\/wp-json\/wp\/v2\/product_brand?post=93"},{"taxonomy":"product_cat","embeddable":true,"href":"https:\/\/new.seaadventure.ee\/ru\/wp-json\/wp\/v2\/product_cat?post=93"},{"taxonomy":"product_tag","embeddable":true,"href":"https:\/\/new.seaadventure.ee\/ru\/wp-json\/wp\/v2\/product_tag?post=93"}],"curies":[{"name":"wp","href":"https:\/\/api.w.org\/{rel}","templated":true}]}}